{"id":2,"date":"2022-04-27T08:36:05","date_gmt":"2022-04-27T08:36:05","guid":{"rendered":"http:\/\/brannstrom.com\/?page_id=2"},"modified":"2022-07-24T16:10:45","modified_gmt":"2022-07-24T15:10:45","slug":"sample-page","status":"publish","type":"page","link":"https:\/\/brannstrom.com\/index.php\/sample-page\/","title":{"rendered":"V\u00e4lkommen till Br\u00e4nnstr\u00f6ms"},"content":{"rendered":"\n<figure class=\"wp-block-image size-large\"><img loading=\"lazy\" decoding=\"async\" width=\"682\" height=\"1024\" src=\"http:\/\/brannstrom.com\/wp-content\/uploads\/2022\/07\/20220702-_21A1415-682x1024.jpg\" alt=\"Mats &amp; Carl utanf\u00f6r Resturang \u00c4ng\" class=\"wp-image-1796\" srcset=\"https:\/\/brannstrom.com\/wp-content\/uploads\/2022\/07\/20220702-_21A1415-682x1024.jpg 682w, https:\/\/brannstrom.com\/wp-content\/uploads\/2022\/07\/20220702-_21A1415-200x300.jpg 200w, https:\/\/brannstrom.com\/wp-content\/uploads\/2022\/07\/20220702-_21A1415-768x1152.jpg 768w, https:\/\/brannstrom.com\/wp-content\/uploads\/2022\/07\/20220702-_21A1415-1024x1536.jpg 1024w, https:\/\/brannstrom.com\/wp-content\/uploads\/2022\/07\/20220702-_21A1415-1320x1980.jpg 1320w, https:\/\/brannstrom.com\/wp-content\/uploads\/2022\/07\/20220702-_21A1415.jpg 1333w\" sizes=\"auto, (max-width: 682px) 100vw, 682px\" \/><figcaption>Mats &amp; Carl utanf\u00f6r Resturang \u00c4ng<\/figcaption><\/figure>\n\n\n\n<p>H\u00e4r ska det publiceras bilder och ting som har koppling till familjen Br\u00e4nnstr\u00f6m i Varberg.<\/p>\n","protected":false},"excerpt":{"rendered":"<p>H\u00e4r ska det publiceras bilder och ting som har koppling till familjen Br\u00e4nnstr\u00f6m i Varberg.<\/p>\n","protected":false},"author":1,"featured_media":1795,"parent":0,"menu_order":0,"comment_status":"closed","ping_status":"open","template":"","meta":{"inline_featured_image":false,"footnotes":""},"class_list":["post-2","page","type-page","status-publish","has-post-thumbnail","hentry"],"jetpack_sharing_enabled":true,"_links":{"self":[{"href":"https:\/\/brannstrom.com\/index.php\/wp-json\/wp\/v2\/pages\/2","targetHints":{"allow":["GET"]}}],"collection":[{"href":"https:\/\/brannstrom.com\/index.php\/wp-json\/wp\/v2\/pages"}],"about":[{"href":"https:\/\/brannstrom.com\/index.php\/wp-json\/wp\/v2\/types\/page"}],"author":[{"embeddable":true,"href":"https:\/\/brannstrom.com\/index.php\/wp-json\/wp\/v2\/users\/1"}],"replies":[{"embeddable":true,"href":"https:\/\/brannstrom.com\/index.php\/wp-json\/wp\/v2\/comments?post=2"}],"version-history":[{"count":6,"href":"https:\/\/brannstrom.com\/index.php\/wp-json\/wp\/v2\/pages\/2\/revisions"}],"predecessor-version":[{"id":1803,"href":"https:\/\/brannstrom.com\/index.php\/wp-json\/wp\/v2\/pages\/2\/revisions\/1803"}],"wp:featuredmedia":[{"embeddable":true,"href":"https:\/\/brannstrom.com\/index.php\/wp-json\/wp\/v2\/media\/1795"}],"wp:attachment":[{"href":"https:\/\/brannstrom.com\/index.php\/wp-json\/wp\/v2\/media?parent=2"}],"curies":[{"name":"wp","href":"https:\/\/api.w.org\/{rel}","templated":true}]}}